{"id":61,"date":"2020-01-28T14:03:10","date_gmt":"2020-01-28T14:03:10","guid":{"rendered":"https:\/\/www.vilniauskalviai.lt\/?page_id=61"},"modified":"2022-12-12T09:48:51","modified_gmt":"2022-12-12T09:48:51","slug":"apie-mus","status":"publish","type":"page","link":"https:\/\/vilniauskalviai.lt\/en\/apie-mus\/","title":{"rendered":"About us"},"content":{"rendered":"<p>[et_pb_section fb_built=&#8221;1&#8243; module_class=&#8221;header&#8221; _builder_version=&#8221;4.19.0&#8243; use_background_color_gradient=&#8221;on&#8221; background_color_gradient_stops=&#8221;rgba(10,4,2,0.66) 0%|rgba(10,1,1,0.6) 100%&#8221; background_color_gradient_overlays_image=&#8221;on&#8221; background_color_gradient_start=&#8221;rgba(10,4,2,0.66)&#8221; background_color_gradient_end=&#8221;rgba(10,1,1,0.6)&#8221; background_image=&#8221;https:\/\/www.vilniauskalviai.lt\/wp-content\/uploads\/2022\/11\/ambasada-tvoros-kalviai-8.jpg&#8221; custom_padding=&#8221;100px||100px||false|false&#8221; bottom_divider_style=&#8221;arrow2&#8243; bottom_divider_color=&#8221;#ffffff&#8221; bottom_divider_height=&#8221;50px&#8221; bottom_divider_arrangement=&#8221;above_content&#8221; locked=&#8221;off&#8221; global_colors_info=&#8221;{}&#8221;][et_pb_row _builder_version=&#8221;4.16&#8243; global_colors_info=&#8221;{}&#8221;][et_pb_column type=&#8221;4_4&#8243; _builder_version=&#8221;4.16&#8243; global_colors_info=&#8221;{}&#8221;][et_pb_text _builder_version=&#8221;4.16&#8243; text_font_size=&#8221;15px&#8221; header_3_font=&#8221;Lato|900||on|||||&#8221; header_3_text_align=&#8221;left&#8221; header_3_text_color=&#8221;#FFFFFF&#8221; header_3_font_size=&#8221;29px&#8221; custom_margin=&#8221;||-35px|||&#8221; custom_padding=&#8221;||57px|||&#8221; header_3_text_shadow_style=&#8221;preset2&#8243; global_colors_info=&#8221;{}&#8221;]<\/p>\n<h3 style=\"text-align: center;\">About us<\/h3>\n<p>[\/et_pb_text][\/et_pb_column][\/et_pb_row][\/et_pb_section][et_pb_section fb_built=&#8221;1&#8243; _builder_version=&#8221;4.16&#8243; background_color=&#8221;#fbfbfe&#8221; custom_padding=&#8221;96px|||||&#8221; locked=&#8221;off&#8221; global_colors_info=&#8221;{}&#8221;][et_pb_row column_structure=&#8221;3_5,2_5&#8243; make_equal=&#8221;on&#8221; _builder_version=&#8221;4.19.0&#8243; custom_margin=&#8221;0px|auto|13px|auto|false|false&#8221; custom_padding=&#8221;0px||0px||false|false&#8221; border_radii=&#8221;on|10px|10px|10px|10px&#8221; box_shadow_style=&#8221;preset1&#8243; global_colors_info=&#8221;{}&#8221;][et_pb_column type=&#8221;3_5&#8243; _builder_version=&#8221;4.16&#8243; custom_padding=&#8221;50px|30px|50px|30px|false|false&#8221; global_colors_info=&#8221;{}&#8221;][et_pb_text _builder_version=&#8221;4.19.0&#8243; text_font_size=&#8221;19px&#8221; text_line_height=&#8221;1.8em&#8221; header_3_font=&#8221;Lato|900||on|||||&#8221; header_3_text_align=&#8221;left&#8221; header_3_text_color=&#8221;#af9485&#8243; header_3_font_size=&#8221;29px&#8221; header_4_font=&#8221;Lato|900|||||||&#8221; header_4_line_height=&#8221;2.1em&#8221; text_orientation=&#8221;justified&#8221; custom_margin=&#8221;-2px||-35px|||&#8221; custom_padding=&#8221;||30px|||&#8221; global_colors_info=&#8221;{}&#8221;]<\/p>\n<div class=\"wtbx_vc_styled_heading wtbx_vc_styled_heading-12618953 wtbx_style_default\">\n<div class=\"wtbx_vc_el_container wtbx_vc_styled_heading_container clearfix\">\n<div class=\"wtbx_vc_el_inner wtbx_vc_styled_heading_inner\">\n<div class=\"wtbx_heading_el_title_wrapper h3\">\n<h3 class=\"wtbx_heading_el_title\"><span style=\"color: #; font-size: 18px; text-align: justify;\">Apie UAB &#8222;Vilniaus Kalviai&#8221;\u00a0<\/span><\/h3>\n<p><strong>Our goal<\/strong><span>\u00a0<\/span>to implement most daring ideas of our customers combining experience in smithery and modern technologies.<\/p>\n<p><strong>Our motto<\/strong><span>\u00a0<\/span>\u2013 is to create harmony in your environment.<\/p>\n<p><strong>Our values<\/strong>\u2013 quality, durability and aesthetics of products, professional advices. Our products comply with both classical and modern architecture.<\/p>\n<p><strong>Past &amp; Future<\/strong><span>\u00a0<\/span>- our company was established in 1993. From a small smithy we grew step by step into a competitive company, that stands tall among most popular metalworking companies in Lithuania.<br \/>Now UAB \"Vilniaus kalviai\" is among the most famous artistic metal processing companies in the country.<br \/>Today UAB \u201cVilniaus Kalviai\u201d offers mutually beneficial cooperation for contruction, restauration companies and individuals who are interested in our products.<\/p>\n<\/div>\n<\/div>\n<\/div>\n<\/div>\n<p>[\/et_pb_text][\/et_pb_column][et_pb_column type=&#8221;2_5&#8243; _builder_version=&#8221;4.19.0&#8243; background_color=&#8221;#e02b20&#8243; use_background_color_gradient=&#8221;on&#8221; background_color_gradient_stops=&#8221;rgba(53,86,141,0.85) 0%|rgba(53,86,141,0.78) 100%&#8221; background_color_gradient_start=&#8221;rgba(53,86,141,0.85)&#8221; background_color_gradient_end=&#8221;rgba(53,86,141,0.78)&#8221; background_image=&#8221;https:\/\/www.vilniauskalviai.lt\/wp-content\/uploads\/2022\/11\/vidaus-tureklai-vilniaus-kalviai-17.jpg&#8221; custom_padding=&#8221;50px|30px|50px|30px|false|false&#8221; global_colors_info=&#8221;{}&#8221;][\/et_pb_column][\/et_pb_row][et_pb_row _builder_version=&#8221;4.19.0&#8243; _module_preset=&#8221;default&#8221; global_colors_info=&#8221;{}&#8221;][et_pb_column type=&#8221;4_4&#8243; _builder_version=&#8221;4.19.0&#8243; _module_preset=&#8221;default&#8221; global_colors_info=&#8221;{}&#8221;][et_pb_text _builder_version=&#8221;4.19.0&#8243; _module_preset=&#8221;default&#8221; header_2_font=&#8221;|700|||||||&#8221; header_2_text_color=&#8221;#af9485&#8243; header_3_font=&#8221;|700|||||||&#8221; header_3_text_color=&#8221;#af9485&#8243; hover_enabled=&#8221;0&#8243; global_colors_info=&#8221;{}&#8221; sticky_enabled=&#8221;0&#8243;]<\/p>\n<h2>Kalvio rankos tvirtumas<\/h2>\n<p><span>Sutikime, visais laikais nam\u0173 puo\u0161imas bei saugojimas kalvio darbais buvo ir yra solidumo \u017eenklas. Leisdami mums puo\u0161ti J\u016bs\u0173 namus kalvio rankomis atliktais darbais J\u016bs gausite auk\u0161\u010diausios kokyb\u0117s gaminius. Kalvio darbai yra tiesiogiai paliesti ilgamete patirtimi, nuojauta, meni\u0161kumu bei r\u016bpestingumu. Kalvis pasi\u017eymi tvirtomis rankomis, tod\u0117l garantuojame, kad m\u016bs\u0173 darbai Jums bus patys tvir\u010diausi. Kalvio darbuose susipina rankos tvirtumas bei meni\u0161kumo poj\u016btis. Daugiau nei 22 metus m\u016bs\u0173 kalviai dirba tam, kad atlikt\u0173 auk\u0161\u010diausios kokyb\u0117s darbus Jums.<\/span><\/p>\n<h2>Kalv\u0117 Vilniuje<\/h2>\n<p><span>Kalvio darbai yra senovinio amato atgaivinimas ir puosel\u0117jimas kuriuo kasdien r\u016bpinasi Vilniaus kalviai. Lietuvoje, sostin\u0117je Vilniuje, \u012fsik\u016brusi 1 000 m2 kalv\u0117, kurioje dirba daugiau nei 20 profesionali\u0173, patyrusi\u0173 bei mylin\u010di\u0173 savo amat\u0105 kalvi\u0173 &#8211; Jums si\u016blo patik\u0117ti savo nam\u0173 apdail\u0105 profesionalams. M\u016bs\u0173 kalvi\u0173 darbai pasi\u017eymi did\u017eiausiu kruop\u0161tumu, atidumu, elegancija bei tvirtumu. M\u016bs\u0173 kalvi\u0173 darbai jau puo\u0161ia namus Lietuvoje, Vokietijoje, Lenkijoje, Italijoje ir kitur. Vilniaus Kalvi\u0173 darbai yra plataus spektro &#8211; nuo laipt\u0173, balkon\u0173 iki tvor\u0173, varteli\u0173 ar kit\u0173 element\u0173, mes tai pasiruo\u0161\u0119 Jums suteikti su ypatinga pagarba bei atidumu J\u016bs\u0173 poreikiams. Kalviai ir visas kolektyvas dirba greitai, operatyviai bei kokybi\u0161kai.<\/span><\/p>\n<h3>Kalto metalo klasika J\u016bs\u0173 aplinkoje<\/h3>\n<p><span>Kalto metalo gaminiai nam\u0173, biur\u0173 aplinkoje sukuria ypating\u0105 atmosfer\u0105. Kalvio darbais papuo\u0161ta aplinka palieka nei\u0161dildom\u0105 \u012fsp\u016bd\u012f. M\u016bs\u0173 \u012fmon\u0117, turinti ilgamet\u0119 patirt\u012f prisitaiko prie kiekvieno kliento nor\u0173 bei sumanym\u0173, kadangi pas mus dirba daugiau nei 20 kvalifikuot\u0173 specialist\u0173, kurie pasiruo\u0161\u0119 puo\u0161ti J\u016bs\u0173 aplink\u0105, o kalto metalo klasika niekada nei\u0161eina i\u0161 mados.<\/span><\/p>\n<h3>Metalo subtilyb\u0117s atsiskleid\u017eia gero kalvio rankose<\/h3>\n<p><span>\u017dmogus puo\u0161damas savo namus kalvio darbais sukuria projekt\u0105. Projekt\u0105 koordinuoja ir pl\u0117toja Vilniaus Kalviai. Metalas atgyja tinkamo kalvio rankose. M\u016bs\u0173 kompanija garantuoja, kad visi kalviai, prisidedantys prie gamini\u0173 k\u016brimo, yra kompetentingi, kvalifikuoti, mylintis savo amat\u0105. Visus komponentus sud\u0117jus Vilniaus Kalviuose metalas \u012fgauna daugiau nei pavidal\u0105- jis tampa J\u016bs\u0173 aplinkos puo\u0161mena.<\/span><\/p>\n<h3>Vilniaus Kalviai tarptautiniu mastu<\/h3>\n<p><span>Vilniaus Kalvi\u0173 kompanija, gyvuojanti jau daugiau nei 20 met\u0173 puo\u0161dama J\u0173 aplink\u0105 \u012fgyvendina \u017emoni\u0173 svajones. Kiekvienam klientui skiriamas ypatingas individualus d\u0117mesys, vis\u0173 m\u016bs\u0173 kalvi\u0173 darbai orientuoti \u012f kliento poreiki\u0173 patenkinim\u0105. M\u016bs\u0173 kalvi\u0173 darbai siekia vir\u0161yti kiekvieno kliento poreikius. Laiko patikrinti, tradicin\u0119 kalvyst\u0119 derinant su inovatyviais sprendimais Vilniaus Kalviai \u017eengia tvirtais \u017eingsniais \u012f ateit\u012f.<\/span><\/p>\n<h3>Tradicin\u0117 kalvyst\u0117 \u0161iuolaikin\u0117je aplinkoje<\/h3>\n<p><span>Vilniaus kalvi\u0173 darbai tobul\u0117jo kompanijai augant ir vystantis paskutiniuosius dvide\u0161imt met\u0173. \u0160iuo metu dr\u0105siai galime teigti, kad m\u016bs\u0173 kalvi\u0173 tradicin\u0117s kalvyst\u0117s darbai puikiai dera \u0161iuolaikin\u0117je aplinkoje. Suderinta dizaino harmonija ir patirtis, eleganti\u0161kumas bei kalto metalo \u017eavesys puikiai prisiderins J\u016bs\u0173 aplinkoje. Vilniaus kalviai kvie\u010dia Jus papuo\u0161ti savo \u0161iuolaikin\u0119 aplink\u0105 tradicine kalvyste.<\/span><\/p>\n<h3>Vilniaus kalvi\u0173 darbai<\/h3>\n<p><span>Prie\u0161 20 m. Vilniaus Kalviai nusistat\u0117 savo pagrindinius principus: dirbti su pagarba, greitai (i\u0161laikant tradicin\u0117s kalvyst\u0117s amato principus) ir kokybi\u0161kai. \u0160iai dienai Vilniaus Kalvi\u0173 darbai yra paplit\u0119 ne tik Lietuvoje, bet ir daugelyje Europos valstybi\u0173. I\u0161laikydami nustatytus principus, per daugiau nei du de\u0161imtme\u010dius Vilniaus Kalviai u\u017esitarnavo reputacij\u0105, kuria gali did\u017eiuotis.<\/span><\/p>\n<p>[\/et_pb_text][\/et_pb_column][\/et_pb_row][\/et_pb_section]<\/p>","protected":false},"excerpt":{"rendered":"<p>Apie mus Apie UAB &#8222;Vilniaus Kalviai&#8221;\u00a0 M\u016bs\u0173 tikslas\u00a0&#8211; maksimaliai tenkinti klient\u0173 poreikius. Naudodamiesi sukaupta patirtimi bei pa\u017eangiomis technologijomis, mes galime \u012fgyvendinti k\u016brybingas klient\u0173 id\u0117jas. M\u016bs\u0173 moto\u00a0\u2013 sukurti harmonij\u0105 J\u016bs\u0173 aplinkoje. M\u016bs\u0173 pirmenyb\u0117s\u2013 kokyb\u0117, profesionalus konsultavimas, \u012fvairov\u0117, dirbini\u0173 patvarumas ir esteti\u0161kumas. M\u016bs\u0173 dirbiniai atitinka tiek klasikin\u0117s, tiek modernios architekt\u016bros reikalavimus. Istorija ir ateitis\u00a0\u2013 m\u016bs\u0173 \u012fmon\u0117 \u012fkurta [&hellip;]<\/p>","protected":false},"author":1,"featured_media":0,"parent":0,"menu_order":0,"comment_status":"closed","ping_status":"closed","template":"","meta":{"_et_pb_use_builder":"on","_et_pb_old_content":"","_et_gb_content_width":"","footnotes":""},"_links":{"self":[{"href":"https:\/\/vilniauskalviai.lt\/en\/wp-json\/wp\/v2\/pages\/61"}],"collection":[{"href":"https:\/\/vilniauskalviai.lt\/en\/wp-json\/wp\/v2\/pages"}],"about":[{"href":"https:\/\/vilniauskalviai.lt\/en\/wp-json\/wp\/v2\/types\/page"}],"author":[{"embeddable":true,"href":"https:\/\/vilniauskalviai.lt\/en\/wp-json\/wp\/v2\/users\/1"}],"replies":[{"embeddable":true,"href":"https:\/\/vilniauskalviai.lt\/en\/wp-json\/wp\/v2\/comments?post=61"}],"version-history":[{"count":19,"href":"https:\/\/vilniauskalviai.lt\/en\/wp-json\/wp\/v2\/pages\/61\/revisions"}],"predecessor-version":[{"id":3266,"href":"https:\/\/vilniauskalviai.lt\/en\/wp-json\/wp\/v2\/pages\/61\/revisions\/3266"}],"wp:attachment":[{"href":"https:\/\/vilniauskalviai.lt\/en\/wp-json\/wp\/v2\/media?parent=61"}],"curies":[{"name":"wp","href":"https:\/\/api.w.org\/{rel}","templated":true}]}}